{"id":6139,"date":"2022-11-23T09:43:28","date_gmt":"2022-11-23T08:43:28","guid":{"rendered":"https:\/\/cours-informatique.ch\/site-map\/"},"modified":"2024-11-11T09:54:08","modified_gmt":"2024-11-11T08:54:08","slug":"site-map","status":"publish","type":"page","link":"https:\/\/cours-informatique.ch\/en\/site-map\/","title":{"rendered":"Site map"},"content":{"rendered":"\t\t<div data-elementor-type=\"wp-page\" data-elementor-id=\"6139\" class=\"elementor elementor-6139 elementor-3489\" data-elementor-post-type=\"page\">\n\t\t\t\t<div class=\"elementor-element elementor-element-e989c79 e-flex e-con-boxed e-con e-parent\" data-id=\"e989c79\" data-element_type=\"container\" data-e-type=\"container\">\n\t\t\t\t\t<div class=\"e-con-inner\">\n\t\t\t\t<div class=\"elementor-element elementor-element-ddd2cfa elementor-widget elementor-widget-heading\" data-id=\"ddd2cfa\" data-element_type=\"widget\" data-e-type=\"widget\" data-widget_type=\"heading.default\">\n\t\t\t\t<div class=\"elementor-widget-container\">\n\t\t\t\t\t<h2 class=\"elementor-heading-title elementor-size-default\">Site map<\/h2>\t\t\t\t<\/div>\n\t\t\t\t<\/div>\n\t\t\t\t<div class=\"elementor-element elementor-element-94873a6 elementor-widget elementor-widget-sitemap\" data-id=\"94873a6\" data-element_type=\"widget\" data-e-type=\"widget\" data-widget_type=\"sitemap.default\">\n\t\t\t\t<div class=\"elementor-widget-container\">\n\t\t\t\t\t<div class=\"elementor-sitemap-wrap\"><div class=\"elementor-sitemap-section\"><h2 class=\"elementor-sitemap-title elementor-sitemap-page-title\">Pages<\/h2><ul class=\"elementor-sitemap-list elementor-sitemap-page-list\"><li class=\"elementor-sitemap-item elementor-sitemap-item-page page_item page-item-8049\"><a href=\"https:\/\/cours-informatique.ch\/en\/about-us\/\">About us<\/a><\/li><li class=\"elementor-sitemap-item elementor-sitemap-item-page page_item page-item-6101\"><a href=\"https:\/\/cours-informatique.ch\/en\/privacy-policy\/\">Privacy policy<\/a><\/li><li class=\"elementor-sitemap-item elementor-sitemap-item-page page_item page-item-6139\"><a href=\"https:\/\/cours-informatique.ch\/en\/site-map\/\">Site map<\/a><\/li><li class=\"elementor-sitemap-item elementor-sitemap-item-page page_item page-item-6185\"><a href=\"https:\/\/cours-informatique.ch\/en\/computer-repair-geneva-it-support\/\">Computer Repair in Geneva &#8211; IT Support<\/a><\/li><li class=\"elementor-sitemap-item elementor-sitemap-item-page page_item page-item-6191\"><a href=\"https:\/\/cours-informatique.ch\/en\/contact\/\">Contact<\/a><\/li><li class=\"elementor-sitemap-item elementor-sitemap-item-page page_item page-item-10769\"><a href=\"https:\/\/cours-informatique.ch\/en\/training-notion\/\">Training Notion<\/a><\/li><li class=\"elementor-sitemap-item elementor-sitemap-item-page page_item page-item-9843\"><a href=\"https:\/\/cours-informatique.ch\/en\/canva-training\/\">Canva training<\/a><\/li><li class=\"elementor-sitemap-item elementor-sitemap-item-page page_item page-item-6820\"><a href=\"https:\/\/cours-informatique.ch\/en\/artificial-intelligence-training\/\">Artificial Intelligence Training<\/a><\/li><li class=\"elementor-sitemap-item elementor-sitemap-item-page page_item page-item-6199\"><a href=\"https:\/\/cours-informatique.ch\/en\/list-of-courses\/\">List of courses<\/a><\/li><li class=\"elementor-sitemap-item elementor-sitemap-item-page page_item page-item-8047\"><a href=\"https:\/\/cours-informatique.ch\/en\/become-a-teacher-at-cours-informatique-ch\/\">Become a teacher at Cours-informatique.ch<\/a><\/li><li class=\"elementor-sitemap-item elementor-sitemap-item-page page_item page-item-9848\"><a href=\"https:\/\/cours-informatique.ch\/en\/cybersecurity-training\/\">Cybersecurity training<\/a><\/li><li class=\"elementor-sitemap-item elementor-sitemap-item-page page_item page-item-9854\"><a href=\"https:\/\/cours-informatique.ch\/en\/job-search-training-geneva\/\">Job search training Geneva<\/a><\/li><li class=\"elementor-sitemap-item elementor-sitemap-item-page page_item page-item-8631\"><a href=\"https:\/\/cours-informatique.ch\/en\/computer-courses-for-companies\/\">Computer courses for companies<\/a><\/li><li class=\"elementor-sitemap-item elementor-sitemap-item-page page_item page-item-6103\"><a href=\"https:\/\/cours-informatique.ch\/en\/\">Computer courses for beginners and seniors in Geneva<\/a><ul class='children'><li class=\"elementor-sitemap-item elementor-sitemap-item-page page_item page-item-6174\"><a href=\"https:\/\/cours-informatique.ch\/en\/computer-courses\/office-automation-courses-word-excel-powerpoint\/\">Office Training Courses: Word, Excel, PowerPoint<\/a><\/li><li class=\"elementor-sitemap-item elementor-sitemap-item-page page_item page-item-6182\"><a href=\"https:\/\/cours-informatique.ch\/en\/computer-courses\/mac-and-pc-computer-courses\/\">Mac and PC computer courses<\/a><\/li><li class=\"elementor-sitemap-item elementor-sitemap-item-page page_item page-item-7974\"><a href=\"https:\/\/cours-informatique.ch\/en\/computer-courses\/programming-training-for-beginners-in-geneva\/\">Programming training for beginners in Geneva<\/a><\/li><li class=\"elementor-sitemap-item elementor-sitemap-item-page page_item page-item-6196\"><a href=\"https:\/\/cours-informatique.ch\/en\/computer-courses\/video-editing-courses\/\">Video Editing Course<\/a><\/li><li class=\"elementor-sitemap-item elementor-sitemap-item-page page_item page-item-6203\"><a href=\"https:\/\/cours-informatique.ch\/en\/computer-courses\/iphone-and-android-smartphone-courses\/\">iPhone and Android smartphone courses<\/a><\/li><li class=\"elementor-sitemap-item elementor-sitemap-item-page page_item page-item-6728\"><a href=\"https:\/\/cours-informatique.ch\/en\/computer-courses\/social-networking-training-linkedin-instagram-tiktok\/\">Social networking training, Linkedin Instagram TikTok<\/a><\/li><li class=\"elementor-sitemap-item elementor-sitemap-item-page page_item page-item-6102\"><a href=\"https:\/\/cours-informatique.ch\/en\/computer-courses\/web-development-training-in-geneva\/\">Web development training in Geneva<\/a><\/li><\/ul><\/li><\/ul><\/div><div class=\"elementor-sitemap-section\"><h2 class=\"elementor-sitemap-title elementor-sitemap-post-title\">Articles<\/h2><ul class=\"elementor-sitemap-list elementor-sitemap-post-list\"><li class=\"elementor-sitemap-item elementor-sitemap-item-post page_item page-item-6183\"><a href=\"https:\/\/cours-informatique.ch\/en\/new\/why-learn-to-use-computers\/\">Why learn to use computers?<\/a><\/li><li class=\"elementor-sitemap-item elementor-sitemap-item-post page_item page-item-6169\"><a href=\"https:\/\/cours-informatique.ch\/en\/non-classifiee\/test-article\/\">Test article<\/a><\/li><\/ul><\/div><\/div>\t\t\t\t<\/div>\n\t\t\t\t<\/div>\n\t\t\t\t\t<\/div>\n\t\t\t\t<\/div>\n\t\t\t\t<\/div>\n\t\t","protected":false},"excerpt":{"rendered":"","protected":false},"author":2,"featured_media":0,"parent":0,"menu_order":16,"comment_status":"closed","ping_status":"closed","template":"","meta":{"footnotes":""},"class_list":["post-6139","page","type-page","status-publish","hentry"],"yoast_head":"<!-- This site is optimized with the Yoast SEO plugin v27.4 - https:\/\/yoast.com\/product\/yoast-seo-wordpress\/ -->\n<title>Site map - Cours informatique pour d\u00e9butant \u00e0 Gen\u00e8ve<\/title>\n<meta name=\"description\" content=\"Find an inventory of all the pages and articles on cours-informatique.ch\" \/>\n<meta name=\"robots\" content=\"index, follow, max-snippet:-1, max-image-preview:large, max-video-preview:-1\" \/>\n<link rel=\"canonical\" href=\"https:\/\/cours-informatique.ch\/en\/site-map\/\" \/>\n<meta property=\"og:locale\" content=\"en_US\" \/>\n<meta property=\"og:type\" content=\"article\" \/>\n<meta property=\"og:title\" content=\"Site map - Cours informatique pour d\u00e9butant \u00e0 Gen\u00e8ve\" \/>\n<meta property=\"og:description\" content=\"Find an inventory of all the pages and articles on cours-informatique.ch\" \/>\n<meta property=\"og:url\" content=\"https:\/\/cours-informatique.ch\/en\/site-map\/\" \/>\n<meta property=\"og:site_name\" content=\"Cours informatique pour d\u00e9butant \u00e0 Gen\u00e8ve\" \/>\n<meta property=\"article:modified_time\" content=\"2024-11-11T08:54:08+00:00\" \/>\n<meta name=\"twitter:card\" content=\"summary_large_image\" \/>\n<script type=\"application\/ld+json\" class=\"yoast-schema-graph\">{\"@context\":\"https:\\\/\\\/schema.org\",\"@graph\":[{\"@type\":\"WebPage\",\"@id\":\"https:\\\/\\\/cours-informatique.ch\\\/en\\\/site-map\\\/\",\"url\":\"https:\\\/\\\/cours-informatique.ch\\\/en\\\/site-map\\\/\",\"name\":\"Site map - Cours informatique pour d\u00e9butant \u00e0 Gen\u00e8ve\",\"isPartOf\":{\"@id\":\"https:\\\/\\\/cours-informatique.ch\\\/en\\\/#website\"},\"datePublished\":\"2022-11-23T08:43:28+00:00\",\"dateModified\":\"2024-11-11T08:54:08+00:00\",\"description\":\"Find an inventory of all the pages and articles on cours-informatique.ch\",\"breadcrumb\":{\"@id\":\"https:\\\/\\\/cours-informatique.ch\\\/en\\\/site-map\\\/#breadcrumb\"},\"inLanguage\":\"en-US\",\"potentialAction\":[{\"@type\":\"ReadAction\",\"target\":[\"https:\\\/\\\/cours-informatique.ch\\\/en\\\/site-map\\\/\"]}]},{\"@type\":\"BreadcrumbList\",\"@id\":\"https:\\\/\\\/cours-informatique.ch\\\/en\\\/site-map\\\/#breadcrumb\",\"itemListElement\":[{\"@type\":\"ListItem\",\"position\":1,\"name\":\"Accueil\",\"item\":\"https:\\\/\\\/cours-informatique.ch\\\/en\\\/\"},{\"@type\":\"ListItem\",\"position\":2,\"name\":\"Site map\"}]},{\"@type\":\"WebSite\",\"@id\":\"https:\\\/\\\/cours-informatique.ch\\\/en\\\/#website\",\"url\":\"https:\\\/\\\/cours-informatique.ch\\\/en\\\/\",\"name\":\"Cours informatique pour d\u00e9butant \u00e0 Gen\u00e8ve\",\"description\":\"L&#039;informatique en toute simplicit\u00e9\",\"publisher\":{\"@id\":\"https:\\\/\\\/cours-informatique.ch\\\/en\\\/#organization\"},\"potentialAction\":[{\"@type\":\"SearchAction\",\"target\":{\"@type\":\"EntryPoint\",\"urlTemplate\":\"https:\\\/\\\/cours-informatique.ch\\\/en\\\/?s={search_term_string}\"},\"query-input\":{\"@type\":\"PropertyValueSpecification\",\"valueRequired\":true,\"valueName\":\"search_term_string\"}}],\"inLanguage\":\"en-US\"},{\"@type\":\"Organization\",\"@id\":\"https:\\\/\\\/cours-informatique.ch\\\/en\\\/#organization\",\"name\":\"cours-informatique.ch\",\"url\":\"https:\\\/\\\/cours-informatique.ch\\\/en\\\/\",\"logo\":{\"@type\":\"ImageObject\",\"inLanguage\":\"en-US\",\"@id\":\"https:\\\/\\\/cours-informatique.ch\\\/en\\\/#\\\/schema\\\/logo\\\/image\\\/\",\"url\":\"https:\\\/\\\/cours-informatique.ch\\\/wp-content\\\/uploads\\\/2022\\\/10\\\/cours-informatique-debutant-4-scaled-e1667221553989.webp\",\"contentUrl\":\"https:\\\/\\\/cours-informatique.ch\\\/wp-content\\\/uploads\\\/2022\\\/10\\\/cours-informatique-debutant-4-scaled-e1667221553989.webp\",\"width\":1500,\"height\":844,\"caption\":\"cours-informatique.ch\"},\"image\":{\"@id\":\"https:\\\/\\\/cours-informatique.ch\\\/en\\\/#\\\/schema\\\/logo\\\/image\\\/\"}}]}<\/script>\n<!-- \/ Yoast SEO plugin. -->","yoast_head_json":{"title":"Site map - Cours informatique pour d\u00e9butant \u00e0 Gen\u00e8ve","description":"Find an inventory of all the pages and articles on cours-informatique.ch","robots":{"index":"index","follow":"follow","max-snippet":"max-snippet:-1","max-image-preview":"max-image-preview:large","max-video-preview":"max-video-preview:-1"},"canonical":"https:\/\/cours-informatique.ch\/en\/site-map\/","og_locale":"en_US","og_type":"article","og_title":"Site map - Cours informatique pour d\u00e9butant \u00e0 Gen\u00e8ve","og_description":"Find an inventory of all the pages and articles on cours-informatique.ch","og_url":"https:\/\/cours-informatique.ch\/en\/site-map\/","og_site_name":"Cours informatique pour d\u00e9butant \u00e0 Gen\u00e8ve","article_modified_time":"2024-11-11T08:54:08+00:00","twitter_card":"summary_large_image","schema":{"@context":"https:\/\/schema.org","@graph":[{"@type":"WebPage","@id":"https:\/\/cours-informatique.ch\/en\/site-map\/","url":"https:\/\/cours-informatique.ch\/en\/site-map\/","name":"Site map - Cours informatique pour d\u00e9butant \u00e0 Gen\u00e8ve","isPartOf":{"@id":"https:\/\/cours-informatique.ch\/en\/#website"},"datePublished":"2022-11-23T08:43:28+00:00","dateModified":"2024-11-11T08:54:08+00:00","description":"Find an inventory of all the pages and articles on cours-informatique.ch","breadcrumb":{"@id":"https:\/\/cours-informatique.ch\/en\/site-map\/#breadcrumb"},"inLanguage":"en-US","potentialAction":[{"@type":"ReadAction","target":["https:\/\/cours-informatique.ch\/en\/site-map\/"]}]},{"@type":"BreadcrumbList","@id":"https:\/\/cours-informatique.ch\/en\/site-map\/#breadcrumb","itemListElement":[{"@type":"ListItem","position":1,"name":"Accueil","item":"https:\/\/cours-informatique.ch\/en\/"},{"@type":"ListItem","position":2,"name":"Site map"}]},{"@type":"WebSite","@id":"https:\/\/cours-informatique.ch\/en\/#website","url":"https:\/\/cours-informatique.ch\/en\/","name":"Cours informatique pour d\u00e9butant \u00e0 Gen\u00e8ve","description":"L&#039;informatique en toute simplicit\u00e9","publisher":{"@id":"https:\/\/cours-informatique.ch\/en\/#organization"},"potentialAction":[{"@type":"SearchAction","target":{"@type":"EntryPoint","urlTemplate":"https:\/\/cours-informatique.ch\/en\/?s={search_term_string}"},"query-input":{"@type":"PropertyValueSpecification","valueRequired":true,"valueName":"search_term_string"}}],"inLanguage":"en-US"},{"@type":"Organization","@id":"https:\/\/cours-informatique.ch\/en\/#organization","name":"cours-informatique.ch","url":"https:\/\/cours-informatique.ch\/en\/","logo":{"@type":"ImageObject","inLanguage":"en-US","@id":"https:\/\/cours-informatique.ch\/en\/#\/schema\/logo\/image\/","url":"https:\/\/cours-informatique.ch\/wp-content\/uploads\/2022\/10\/cours-informatique-debutant-4-scaled-e1667221553989.webp","contentUrl":"https:\/\/cours-informatique.ch\/wp-content\/uploads\/2022\/10\/cours-informatique-debutant-4-scaled-e1667221553989.webp","width":1500,"height":844,"caption":"cours-informatique.ch"},"image":{"@id":"https:\/\/cours-informatique.ch\/en\/#\/schema\/logo\/image\/"}}]}},"_links":{"self":[{"href":"https:\/\/cours-informatique.ch\/en\/wp-json\/wp\/v2\/pages\/6139","targetHints":{"allow":["GET"]}}],"collection":[{"href":"https:\/\/cours-informatique.ch\/en\/wp-json\/wp\/v2\/pages"}],"about":[{"href":"https:\/\/cours-informatique.ch\/en\/wp-json\/wp\/v2\/types\/page"}],"author":[{"embeddable":true,"href":"https:\/\/cours-informatique.ch\/en\/wp-json\/wp\/v2\/users\/2"}],"replies":[{"embeddable":true,"href":"https:\/\/cours-informatique.ch\/en\/wp-json\/wp\/v2\/comments?post=6139"}],"version-history":[{"count":0,"href":"https:\/\/cours-informatique.ch\/en\/wp-json\/wp\/v2\/pages\/6139\/revisions"}],"wp:attachment":[{"href":"https:\/\/cours-informatique.ch\/en\/wp-json\/wp\/v2\/media?parent=6139"}],"curies":[{"name":"wp","href":"https:\/\/api.w.org\/{rel}","templated":true}]}}